{"id":1108,"date":"2022-05-19T11:26:53","date_gmt":"2022-05-19T09:26:53","guid":{"rendered":"https:\/\/www.e-shark.it\/mentions-legales\/"},"modified":"2022-05-19T11:26:54","modified_gmt":"2022-05-19T09:26:54","slug":"mentions-legales","status":"publish","type":"page","link":"https:\/\/www.e-shark.it\/fr\/mentions-legales\/","title":{"rendered":"Mentions l\u00e9gales"},"content":{"rendered":"\t\t<div data-elementor-type=\"wp-page\" data-elementor-id=\"1108\" class=\"elementor elementor-1108 elementor-608\">\n\t\t\t\t\t\t\t\t\t<section class=\"elementor-section elementor-top-section elementor-element elementor-element-7025533 elementor-section-boxed elementor-section-height-default elementor-section-height-default\" data-id=\"7025533\" data-element_type=\"section\">\n\t\t\t\t\t\t<div class=\"elementor-container elementor-column-gap-default\">\n\t\t\t\t\t<div class=\"elementor-column elementor-col-100 elementor-top-column elementor-element elementor-element-71a792c\" data-id=\"71a792c\" data-element_type=\"column\">\n\t\t\t<div class=\"elementor-widget-wrap elementor-element-populated\">\n\t\t\t\t\t\t\t\t<div class=\"elementor-element elementor-element-df9a815 elementor-widget elementor-widget-text-editor\" data-id=\"df9a815\" data-element_type=\"widget\" data-widget_type=\"text-editor.default\">\n\t\t\t\t<div class=\"elementor-widget-container\">\n\t\t\t<style>\/*! elementor - v3.8.0 - 30-10-2022 *\/\n.elementor-widget-text-editor.elementor-drop-cap-view-stacked .elementor-drop-cap{background-color:#818a91;color:#fff}.elementor-widget-text-editor.elementor-drop-cap-view-framed .elementor-drop-cap{color:#818a91;border:3px solid;background-color:transparent}.elementor-widget-text-editor:not(.elementor-drop-cap-view-default) .elementor-drop-cap{margin-top:8px}.elementor-widget-text-editor:not(.elementor-drop-cap-view-default) .elementor-drop-cap-letter{width:1em;height:1em}.elementor-widget-text-editor .elementor-drop-cap{float:left;text-align:center;line-height:1;font-size:50px}.elementor-widget-text-editor .elementor-drop-cap-letter{display:inline-block}<\/style>\t\t\t\t<p><b>COMMUNICATION RELATIVE AU LOGICIEL DISPONIBLE DANS CE SITE WEB<\/b><\/p>\n\t\t\t\t\t\t<\/div>\n\t\t\t\t<\/div>\n\t\t\t\t<div class=\"elementor-element elementor-element-c6de7a5 elementor-widget elementor-widget-text-editor\" data-id=\"c6de7a5\" data-element_type=\"widget\" data-widget_type=\"text-editor.default\">\n\t\t\t\t<div class=\"elementor-widget-container\">\n\t\t\t\t\t\t\t<p>Tout logiciel mis \u00e0 disposition pour le t\u00e9l\u00e9chargement \u00e0 partir de ce serveur (le \u00ab Logiciel \u00bb) est une \u0153uvre prot\u00e9g\u00e9e par le droit d&#8217;auteur d\u2019e-Shark et \/ ou de ses fournisseurs. L&#8217;utilisation du Logiciel est r\u00e9gie par les conditions du Contrat de Licence avec l\u2019utilisateur final, le cas \u00e9ch\u00e9ant, joint au logiciel (le \u00ab Contrat de Licence \u00bb). L&#8217;utilisateur final n&#8217;est pas autoris\u00e9 \u00e0 installer le Logiciel qui est accompagn\u00e9 d&#8217;un Contrat de Licence ou qui l&#8217;inclut s&#8217;il n&#8217;a pas pr\u00e9alablement accept\u00e9 les termes du Contrat de Licence.<\/p>\n\t\t\t\t\t\t<\/div>\n\t\t\t\t<\/div>\n\t\t\t\t<div class=\"elementor-element elementor-element-85ea24f elementor-widget elementor-widget-text-editor\" data-id=\"85ea24f\" data-element_type=\"widget\" data-widget_type=\"text-editor.default\">\n\t\t\t\t<div class=\"elementor-widget-container\">\n\t\t\t\t\t\t\t<p>Le Logiciel est mis \u00e0 disposition pour le t\u00e9l\u00e9chargement exclusivement pour l\u2019utilisation de la part de l\u2019utilisateur final conform\u00e9ment aux termes et aux conditions du Contrat de Licence. Toute reproduction ou redistribution du Logiciel non conforme au Contrat de Licence est express\u00e9ment interdite par la loi en vigueur et peut entra\u00eener de graves sanctions civiles et p\u00e9nales. Les contrevenants seront poursuivis avec toute la rigueur permise par la loi en vigueur.<\/p>\n\t\t\t\t\t\t<\/div>\n\t\t\t\t<\/div>\n\t\t\t\t<div class=\"elementor-element elementor-element-c9efcbb elementor-widget elementor-widget-text-editor\" data-id=\"c9efcbb\" data-element_type=\"widget\" data-widget_type=\"text-editor.default\">\n\t\t\t\t<div class=\"elementor-widget-container\">\n\t\t\t\t\t\t\t<p>SANS POUR AUTANT LIMITER LA DISPOSITION SUSMENTIONN\u00c9E, LA COPIE OU LA REPRODUCTION DU LOGICIEL SUR TOUT AUTRE SERVEUR OU EMPLACEMENT EN VUE D\u2019UNE REPRODUCTION OU D\u2019UNE REDISTRIBUTION ULT\u00c9RIEURE EST EXPRESS\u00c9MENT INTERDITE.<\/p>\n\t\t\t\t\t\t<\/div>\n\t\t\t\t<\/div>\n\t\t\t\t<div class=\"elementor-element elementor-element-a18de72 elementor-widget elementor-widget-text-editor\" data-id=\"a18de72\" data-element_type=\"widget\" data-widget_type=\"text-editor.default\">\n\t\t\t\t<div class=\"elementor-widget-container\">\n\t\t\t\t\t\t\t<p>LE LOGICIEL EST COUVERT PAR UNE GARANTIE, LE CAS \u00c9CH\u00c9ANT, UNIQUEMENT EN CONFORMIT\u00c9 AVEC LES TERMES ET LES CONDITIONS DU CONTRAT DE LICENCE. SOUS R\u00c9SERVE DE CE QUI EST GARANTI DANS LE CONTRAT DE LICENCE. PAR LA PR\u00c9SENTE, E-SHARK S.R.L. EXCLUT TOUTE GARANTIE OU CONDITION CONCERNANT LE LOGICIEL, Y COMPRIS TOUTES LES GARANTIES ET CONDITIONS IMPLICITES DE QUALIT\u00c9 MARCHANDE, D&#8217;ADAPTATION \u00c0 UN USAGE PARTICULIER, DE PROPRI\u00c9T\u00c9 ET DE NON-VIOLATION DES DROITS D\u2019AUTRUI.<\/p>\n\t\t\t\t\t\t<\/div>\n\t\t\t\t<\/div>\n\t\t\t\t<div class=\"elementor-element elementor-element-e51f12c elementor-widget elementor-widget-text-editor\" data-id=\"e51f12c\" data-element_type=\"widget\" data-widget_type=\"text-editor.default\">\n\t\t\t\t<div class=\"elementor-widget-container\">\n\t\t\t\t\t\t\t<p><b>L\u2019AVIS CONCERNANT LA DOCUMENTATION EST DISPONIBLE SUR CE SITE WEB.<\/b><\/p>\n\t\t\t\t\t\t<\/div>\n\t\t\t\t<\/div>\n\t\t\t\t<div class=\"elementor-element elementor-element-fc4f704 elementor-widget elementor-widget-text-editor\" data-id=\"fc4f704\" data-element_type=\"widget\" data-widget_type=\"text-editor.default\">\n\t\t\t\t<div class=\"elementor-widget-container\">\n\t\t\t\t\t\t\t<p>L\u2019utilisateur est autoris\u00e9 \u00e0 utiliser la Documentation (telle que les livres blancs, les sp\u00e9cifications techniques, les communiqu\u00e9s de presse et les FAQs) disponible sur ce serveur (le \u00ab Serveur \u00bb), \u00e0 condition que (1) l&#8217;avis de droit d&#8217;auteur mentionn\u00e9 ci-dessous soit pr\u00e9sent dans toutes les copies et accompagn\u00e9 par cette autorisation, (2) l&#8217;utilisation de cette Documentation ne soit destin\u00e9e qu\u2019\u00e0 des fins d&#8217;information et non commerciales ou pour un usage personnel et que cette Documentation ne soit ni copi\u00e9e ni distribu\u00e9e sur un ordinateur de r\u00e9seau quel qu\u2019il soit ou transmis par le biais d\u2019un canal de communication quel qu\u2019il soit et enfin (3) aucune modification ne soit apport\u00e9e \u00e0 aucune partie de la Documentation. L\u2019utilisation \u00e0 toute autre fin est express\u00e9ment interdite par la loi en vigueur et peut entra\u00eener de graves sanctions civiles et p\u00e9nales. Les contrevenants seront poursuivis avec toute la rigueur permise par la loi en vigueur.<\/p>\n\t\t\t\t\t\t<\/div>\n\t\t\t\t<\/div>\n\t\t\t\t<div class=\"elementor-element elementor-element-881a127 elementor-widget elementor-widget-text-editor\" data-id=\"881a127\" data-element_type=\"widget\" data-widget_type=\"text-editor.default\">\n\t\t\t\t<div class=\"elementor-widget-container\">\n\t\t\t\t\t\t\t<p>La Documentation susmentionn\u00e9e ne comprend pas la structure ou la mise en page du site web d\u2019e-Shark ou de tout autre site d\u00e9velopp\u00e9, conc\u00e9d\u00e9 sous licence, contr\u00f4l\u00e9 ou d\u00e9tenu par e-Shark. Les \u00e9l\u00e9ments constitutifs des sites web d\u2019e-Shark sont prot\u00e9g\u00e9s par des accords commerciaux, par des lois sur les marques d\u00e9pos\u00e9es et sur la concurrence d\u00e9loyale et par d\u2019autres lois et ne peuvent \u00eatre ni copi\u00e9s ni imit\u00e9s, que ce soit en totalit\u00e9 ou en partie. Aucun logo, \u00e9l\u00e9ment graphique, image ou son extrait d\u2019un site web d\u2019e-Shark ne peut \u00eatre copi\u00e9 ou retransmis sans autorisation expresse de la part d\u2019e-Shark.<\/p>\n\t\t\t\t\t\t<\/div>\n\t\t\t\t<\/div>\n\t\t\t\t<div class=\"elementor-element elementor-element-93d7cee elementor-widget elementor-widget-text-editor\" data-id=\"93d7cee\" data-element_type=\"widget\" data-widget_type=\"text-editor.default\">\n\t\t\t\t<div class=\"elementor-widget-container\">\n\t\t\t\t\t\t\t<p>E-SHARK ET \/ OU SES FOURNISSEURS NE FONT AUCUNE D\u00c9CLARATION QUANT \u00c0 L\u2019AD\u00c9QUATION DES INFORMATIONS CONTENUES DANS LA DOCUMENTATION ET DANS LE GRAPHISME ASSOCI\u00c9 PUBLI\u00c9S SUR CE SERVEUR \u00c0 QUELQUE FIN QUE CE SOIT. LA DOCUMENTATION ET LE GRAPHISME ASSOCI\u00c9 SONT FOURNIS \u00ab TELS QU\u2019ILS SONT \u00bb SANS GARANTIE D&#8217;AUCUNE SORTE. PAR LA PR\u00c9SENTE, E-SHARK S.R.L. ET \/ OU SES FOURNISSEURS EXCLUENT TOUTE GARANTIE OU CONDITION CONCERNANT CES INFORMATIONS, Y COMPRIS TOUTES LES GARANTIES ET CONDITIONS IMPLICITES DE QUALIT\u00c9 MARCHANDE, D&#8217;ADAPTATION \u00c0 UN USAGE PARTICULIER, DE PROPRI\u00c9T\u00c9 ET DE NON-VIOLATION DES DROITS D\u2019AUTRUI. EN AUCUN CAS E-SHARK ET \/ OU SES FOURNISSEURS NE POURRONT \u00caTRE TENUS POUR RESPONSABLES DES DOMMAGES SP\u00c9CIAUX, INDIRECTS OU CONS\u00c9CUTIFS OU D\u2019AUTRES DOMMAGES DE TOUTE NATURE R\u00c9SULTANT DE LA PERTE DU DROIT D\u2019UTILISATION, DE LA PERTE D\u2019INFORMATIONS OU DU MANQUE \u00c0 GAGNER, QU\u2019ILS R\u00c9SULTENT DE L\u2019EX\u00c9CUTION DU CONTRAT, DE LA N\u00c9GLIGENCE OU D\u2019AUTRES ACTIONS PR\u00c9JUDICIABLES, D\u00c9COULANT DE OU LI\u00c9S DE QUELQUE MANI\u00c8RE QUE CE SOIT \u00c0 L\u2019UTILISATION OU AUX PERFORMANCES DES INFORMATIONS DISPONIBLES SUR CE SERVEUR.<\/p>\n\t\t\t\t\t\t<\/div>\n\t\t\t\t<\/div>\n\t\t\t\t<div class=\"elementor-element elementor-element-66de96d elementor-widget elementor-widget-text-editor\" data-id=\"66de96d\" data-element_type=\"widget\" data-widget_type=\"text-editor.default\">\n\t\t\t\t<div class=\"elementor-widget-container\">\n\t\t\t\t\t\t\t<p>LA DOCUMENTATION ET LE GRAPHISME ASSOCI\u00c9 PUBLI\u00c9S SUR CE SERVEUR PEUVENT CONTENIR DES INEXACTITUDES TECHNIQUES OU DES ERREURS TYPOGRAPHIQUES. LES INFORMATIONS SUSMENTIONN\u00c9ES SONT SUJETTES \u00c0 DES MODIFICATIONS P\u00c9RIODIQUES. E-SHARK ET \/ OU SES FOURNISSEURS PEUVENT, \u00c0 TOUT MOMENT, APPORTER DES AM\u00c9LIORATIONS OU DES MODIFICATIONS AUX PRODUITS ET \/ OU AUX PROGRAMMES D\u00c9CRITS DANS LE PR\u00c9SENT CONTRAT.<\/p>\n\t\t\t\t\t\t<\/div>\n\t\t\t\t<\/div>\n\t\t\t\t<div class=\"elementor-element elementor-element-ff4e9d9 elementor-widget elementor-widget-text-editor\" data-id=\"ff4e9d9\" data-element_type=\"widget\" data-widget_type=\"text-editor.default\">\n\t\t\t\t<div class=\"elementor-widget-container\">\n\t\t\t\t\t\t\t<p><b>LES AVIS CONCERNANT LE LOGICIEL, LA DOCUMENTATION ET LES SERVICES SONT DISPONIBLES SUR CE SITE WEB.<\/b><\/p>\n\t\t\t\t\t\t<\/div>\n\t\t\t\t<\/div>\n\t\t\t\t<div class=\"elementor-element elementor-element-ee3aca2 elementor-widget elementor-widget-text-editor\" data-id=\"ee3aca2\" data-element_type=\"widget\" data-widget_type=\"text-editor.default\">\n\t\t\t\t<div class=\"elementor-widget-container\">\n\t\t\t\t\t\t\t<p>EN AUCUN CAS E-SHARK ET \/ OU SES FOURNISSEURS NE POURRONT \u00caTRE TENUS POUR RESPONSABLES DES DOMMAGES SP\u00c9CIAUX, INDIRECTS OU CONS\u00c9CUTIFS OU D\u2019AUTRES DOMMAGES DE TOUTE NATURE R\u00c9SULTANT DE LA PERTE DU DROIT D\u2019UTILISATION, DE LA PERTE D\u2019INFORMATIONS OU DU MANQUE \u00c0 GAGNER, QU\u2019ILS R\u00c9SULTENT DE L\u2019EX\u00c9CUTION DU CONTRAT, DE LA N\u00c9GLIGENCE OU D\u2019AUTRES ACTIONS PR\u00c9JUDICIABLES, D\u00c9COULANT DE OU LI\u00c9S DE QUELQUE MANI\u00c8RE QUE CE SOIT \u00c0 L\u2019UTILISATION OU AUX PERFORMANCES DU LOGICIEL ET DE LA DOCUMENTATION OU DE LA FOURNITURE INCORRECTE OU DE LA NON-FOURNITURE DES SERVICES OU DES INFORMATIONS DISPONIBLES SUR CE SERVEUR.<\/p>\n\t\t\t\t\t\t<\/div>\n\t\t\t\t<\/div>\n\t\t\t\t<div class=\"elementor-element elementor-element-62a73ec elementor-widget elementor-widget-text-editor\" data-id=\"62a73ec\" data-element_type=\"widget\" data-widget_type=\"text-editor.default\">\n\t\t\t\t<div class=\"elementor-widget-container\">\n\t\t\t\t\t\t\t<p><b>LIENS VERS LES SITES D\u2019AUTRES FABRICANTS<\/b><\/p>\n\t\t\t\t\t\t<\/div>\n\t\t\t\t<\/div>\n\t\t\t\t<div class=\"elementor-element elementor-element-8782967 elementor-widget elementor-widget-text-editor\" data-id=\"8782967\" data-element_type=\"widget\" data-widget_type=\"text-editor.default\">\n\t\t\t\t<div class=\"elementor-widget-container\">\n\t\t\t\t\t\t\t<p>LES LIENS \u00c9NUM\u00c9R\u00c9S DANS CET ESPACE PERMETTENT DE QUITTER LE SITE D\u2019E-SHARK. LES SITES AUXQUELS CES LIENS RENVOIENT NE SONT PAS SOUS LE CONTR\u00d4LE D\u2019E-SHARK ET E-SHARK N\u2019EST PAS RESPONSABLE DE LEUR CONTENU OU DE TOUT AUTRE LIEN QU\u2019ILS CONTIENDRAIENT OU DE TOUTE MODIFICATION OU MISE \u00c0 JOUR DE CES SITES. E-SHARK N\u2019EST PAS RESPONSABLE DES \u00c9VENTUELLES PUBLICATIONS SUR LE WEB OU DE TOUTE AUTRE FORME DE TRANSMISSION RE\u00c7UE D\u2019AUTRES SITES LI\u00c9S. E-SHARK FOURNIT CES LIENS UNIQUEMENT POUR DES RAISONS DE PRATICIT\u00c9 ET L\u2019INTRODUCTION DES LIENS SUSMENTIONN\u00c9S N\u2019IMPLIQUE PAS L\u2019APPROBATION DES SITES CORRESPONDANTS DE LA PART D\u2019E-SHARK.<\/p>\n\t\t\t\t\t\t<\/div>\n\t\t\t\t<\/div>\n\t\t\t\t<div class=\"elementor-element elementor-element-6b20b10 elementor-widget elementor-widget-text-editor\" data-id=\"6b20b10\" data-element_type=\"widget\" data-widget_type=\"text-editor.default\">\n\t\t\t\t<div class=\"elementor-widget-container\">\n\t\t\t\t\t\t\t<p>AVIS DE DROIT D\u2019AUTEUR. Copyright \u00a9 2002-2017 e-Shark S.r.l. Tous droits r\u00e9serv\u00e9s.<\/p>\n\t\t\t\t\t\t<\/div>\n\t\t\t\t<\/div>\n\t\t\t\t<div class=\"elementor-element elementor-element-ea9ea42 elementor-widget elementor-widget-text-editor\" data-id=\"ea9ea42\" data-element_type=\"widget\" data-widget_type=\"text-editor.default\">\n\t\t\t\t<div class=\"elementor-widget-container\">\n\t\t\t\t\t\t\t<p>MARQUES. e-Shark, Faith et \/ ou les autres noms de produits e-Shark mentionn\u00e9s dans ce document sont des marques d\u00e9pos\u00e9es d\u2019e-Shark. Les autres noms de produits et d\u2019entreprises cit\u00e9s dans ce document et \/ ou site web peuvent \u00eatre les marques de leurs propri\u00e9taires respectifs. Toute r\u00e9f\u00e9rence \u00e0 des entreprises, des organisations, des produits, des personnes et des \u00e9v\u00e9nements utilis\u00e9s dans les exemples est purement fortuite.<\/p>\n\t\t\t\t\t\t<\/div>\n\t\t\t\t<\/div>\n\t\t\t\t<div class=\"elementor-element elementor-element-2b6f9bf elementor-widget elementor-widget-text-editor\" data-id=\"2b6f9bf\" data-element_type=\"widget\" data-widget_type=\"text-editor.default\">\n\t\t\t\t<div class=\"elementor-widget-container\">\n\t\t\t\t\t\t\t<p>Tous les droits non express\u00e9ment accord\u00e9s par le pr\u00e9sent Contrat sont r\u00e9serv\u00e9s.<\/p>\n\t\t\t\t\t\t<\/div>\n\t\t\t\t<\/div>\n\t\t\t\t<div class=\"elementor-element elementor-element-49ff160 elementor-widget elementor-widget-text-editor\" data-id=\"49ff160\" data-element_type=\"widget\" data-widget_type=\"text-editor.default\">\n\t\t\t\t<div class=\"elementor-widget-container\">\n\t\t\t\t\t\t\t<p>Pour toute question ou probl\u00e8me \u00e9ventuel, veuillez envoyer un message \u00e9lectronique \u00e0 l\u2019adresse <a href=\"mailto:info@e-shark.it\">info@e-shark.it<\/a>.<\/p>\n\t\t\t\t\t\t<\/div>\n\t\t\t\t<\/div>\n\t\t\t\t\t<\/div>\n\t\t<\/div>\n\t\t\t\t\t\t\t<\/div>\n\t\t<\/section>\n\t\t\t\t\t\t\t<\/div>\n\t\t","protected":false},"excerpt":{"rendered":"<p>COMMUNICATION RELATIVE AU LOGICIEL DISPONIBLE DANS CE SITE WEB Tout logiciel mis \u00e0 disposition pour le t\u00e9l\u00e9chargement \u00e0 partir de ce serveur (le \u00ab Logiciel \u00bb) est une \u0153uvre prot\u00e9g\u00e9e par le droit d&#8217;auteur d\u2019e-Shark et \/ ou de ses fournisseurs. L&#8217;utilisation du Logiciel est r\u00e9gie par les conditions du Contrat de Licence avec l\u2019utilisateur [&hellip;]<\/p>\n","protected":false},"author":3,"featured_media":0,"parent":0,"menu_order":0,"comment_status":"closed","ping_status":"closed","template":"","meta":[],"yoast_head":"<!-- This site is optimized with the Yoast SEO plugin v20.0 - https:\/\/yoast.com\/wordpress\/plugins\/seo\/ -->\n<title>Mentions l\u00e9gales - e-Shark<\/title>\n<meta name=\"robots\" content=\"index, follow, max-snippet:-1, max-image-preview:large, max-video-preview:-1\" \/>\n<link rel=\"canonical\" href=\"https:\/\/www.e-shark.it\/fr\/mentions-legales\/\" \/>\n<meta property=\"og:locale\" content=\"fr_FR\" \/>\n<meta property=\"og:type\" content=\"article\" \/>\n<meta property=\"og:title\" content=\"Mentions l\u00e9gales - e-Shark\" \/>\n<meta property=\"og:description\" content=\"COMMUNICATION RELATIVE AU LOGICIEL DISPONIBLE DANS CE SITE WEB Tout logiciel mis \u00e0 disposition pour le t\u00e9l\u00e9chargement \u00e0 partir de ce serveur (le \u00ab Logiciel \u00bb) est une \u0153uvre prot\u00e9g\u00e9e par le droit d&#8217;auteur d\u2019e-Shark et \/ ou de ses fournisseurs. L&#8217;utilisation du Logiciel est r\u00e9gie par les conditions du Contrat de Licence avec l\u2019utilisateur [&hellip;]\" \/>\n<meta property=\"og:url\" content=\"https:\/\/www.e-shark.it\/fr\/mentions-legales\/\" \/>\n<meta property=\"og:site_name\" content=\"e-Shark\" \/>\n<meta property=\"article:modified_time\" content=\"2022-05-19T09:26:54+00:00\" \/>\n<meta name=\"twitter:card\" content=\"summary_large_image\" \/>\n<meta name=\"twitter:label1\" content=\"Dur\u00e9e de lecture estim\u00e9e\" \/>\n\t<meta name=\"twitter:data1\" content=\"6 minutes\" \/>\n<script type=\"application\/ld+json\" class=\"yoast-schema-graph\">{\"@context\":\"https:\/\/schema.org\",\"@graph\":[{\"@type\":\"WebPage\",\"@id\":\"https:\/\/www.e-shark.it\/fr\/mentions-legales\/\",\"url\":\"https:\/\/www.e-shark.it\/fr\/mentions-legales\/\",\"name\":\"Mentions l\u00e9gales - e-Shark\",\"isPartOf\":{\"@id\":\"https:\/\/www.e-shark.it\/#website\"},\"datePublished\":\"2022-05-19T09:26:53+00:00\",\"dateModified\":\"2022-05-19T09:26:54+00:00\",\"breadcrumb\":{\"@id\":\"https:\/\/www.e-shark.it\/fr\/mentions-legales\/#breadcrumb\"},\"inLanguage\":\"fr-FR\",\"potentialAction\":[{\"@type\":\"ReadAction\",\"target\":[\"https:\/\/www.e-shark.it\/fr\/mentions-legales\/\"]}]},{\"@type\":\"BreadcrumbList\",\"@id\":\"https:\/\/www.e-shark.it\/fr\/mentions-legales\/#breadcrumb\",\"itemListElement\":[{\"@type\":\"ListItem\",\"position\":1,\"name\":\"Home\",\"item\":\"https:\/\/www.e-shark.it\/es\/\"},{\"@type\":\"ListItem\",\"position\":2,\"name\":\"Mentions l\u00e9gales\"}]},{\"@type\":\"WebSite\",\"@id\":\"https:\/\/www.e-shark.it\/#website\",\"url\":\"https:\/\/www.e-shark.it\/\",\"name\":\"e-Shark\",\"description\":\"Produzione Software\",\"publisher\":{\"@id\":\"https:\/\/www.e-shark.it\/#organization\"},\"potentialAction\":[{\"@type\":\"SearchAction\",\"target\":{\"@type\":\"EntryPoint\",\"urlTemplate\":\"https:\/\/www.e-shark.it\/?s={search_term_string}\"},\"query-input\":\"required name=search_term_string\"}],\"inLanguage\":\"fr-FR\"},{\"@type\":\"Organization\",\"@id\":\"https:\/\/www.e-shark.it\/#organization\",\"name\":\"e-Shark\",\"url\":\"https:\/\/www.e-shark.it\/\",\"logo\":{\"@type\":\"ImageObject\",\"inLanguage\":\"fr-FR\",\"@id\":\"https:\/\/www.e-shark.it\/#\/schema\/logo\/image\/\",\"url\":\"https:\/\/dev1.e-shark.it\/wp-content\/uploads\/2021\/10\/Group-5.svg\",\"contentUrl\":\"https:\/\/dev1.e-shark.it\/wp-content\/uploads\/2021\/10\/Group-5.svg\",\"width\":137,\"height\":47,\"caption\":\"e-Shark\"},\"image\":{\"@id\":\"https:\/\/www.e-shark.it\/#\/schema\/logo\/image\/\"}}]}<\/script>\n<!-- \/ Yoast SEO plugin. -->","yoast_head_json":{"title":"Mentions l\u00e9gales - e-Shark","robots":{"index":"index","follow":"follow","max-snippet":"max-snippet:-1","max-image-preview":"max-image-preview:large","max-video-preview":"max-video-preview:-1"},"canonical":"https:\/\/www.e-shark.it\/fr\/mentions-legales\/","og_locale":"fr_FR","og_type":"article","og_title":"Mentions l\u00e9gales - e-Shark","og_description":"COMMUNICATION RELATIVE AU LOGICIEL DISPONIBLE DANS CE SITE WEB Tout logiciel mis \u00e0 disposition pour le t\u00e9l\u00e9chargement \u00e0 partir de ce serveur (le \u00ab Logiciel \u00bb) est une \u0153uvre prot\u00e9g\u00e9e par le droit d&#8217;auteur d\u2019e-Shark et \/ ou de ses fournisseurs. L&#8217;utilisation du Logiciel est r\u00e9gie par les conditions du Contrat de Licence avec l\u2019utilisateur [&hellip;]","og_url":"https:\/\/www.e-shark.it\/fr\/mentions-legales\/","og_site_name":"e-Shark","article_modified_time":"2022-05-19T09:26:54+00:00","twitter_card":"summary_large_image","twitter_misc":{"Dur\u00e9e de lecture estim\u00e9e":"6 minutes"},"schema":{"@context":"https:\/\/schema.org","@graph":[{"@type":"WebPage","@id":"https:\/\/www.e-shark.it\/fr\/mentions-legales\/","url":"https:\/\/www.e-shark.it\/fr\/mentions-legales\/","name":"Mentions l\u00e9gales - e-Shark","isPartOf":{"@id":"https:\/\/www.e-shark.it\/#website"},"datePublished":"2022-05-19T09:26:53+00:00","dateModified":"2022-05-19T09:26:54+00:00","breadcrumb":{"@id":"https:\/\/www.e-shark.it\/fr\/mentions-legales\/#breadcrumb"},"inLanguage":"fr-FR","potentialAction":[{"@type":"ReadAction","target":["https:\/\/www.e-shark.it\/fr\/mentions-legales\/"]}]},{"@type":"BreadcrumbList","@id":"https:\/\/www.e-shark.it\/fr\/mentions-legales\/#breadcrumb","itemListElement":[{"@type":"ListItem","position":1,"name":"Home","item":"https:\/\/www.e-shark.it\/es\/"},{"@type":"ListItem","position":2,"name":"Mentions l\u00e9gales"}]},{"@type":"WebSite","@id":"https:\/\/www.e-shark.it\/#website","url":"https:\/\/www.e-shark.it\/","name":"e-Shark","description":"Produzione Software","publisher":{"@id":"https:\/\/www.e-shark.it\/#organization"},"potentialAction":[{"@type":"SearchAction","target":{"@type":"EntryPoint","urlTemplate":"https:\/\/www.e-shark.it\/?s={search_term_string}"},"query-input":"required name=search_term_string"}],"inLanguage":"fr-FR"},{"@type":"Organization","@id":"https:\/\/www.e-shark.it\/#organization","name":"e-Shark","url":"https:\/\/www.e-shark.it\/","logo":{"@type":"ImageObject","inLanguage":"fr-FR","@id":"https:\/\/www.e-shark.it\/#\/schema\/logo\/image\/","url":"https:\/\/dev1.e-shark.it\/wp-content\/uploads\/2021\/10\/Group-5.svg","contentUrl":"https:\/\/dev1.e-shark.it\/wp-content\/uploads\/2021\/10\/Group-5.svg","width":137,"height":47,"caption":"e-Shark"},"image":{"@id":"https:\/\/www.e-shark.it\/#\/schema\/logo\/image\/"}}]}},"_links":{"self":[{"href":"https:\/\/www.e-shark.it\/fr\/wp-json\/wp\/v2\/pages\/1108"}],"collection":[{"href":"https:\/\/www.e-shark.it\/fr\/wp-json\/wp\/v2\/pages"}],"about":[{"href":"https:\/\/www.e-shark.it\/fr\/wp-json\/wp\/v2\/types\/page"}],"author":[{"embeddable":true,"href":"https:\/\/www.e-shark.it\/fr\/wp-json\/wp\/v2\/users\/3"}],"replies":[{"embeddable":true,"href":"https:\/\/www.e-shark.it\/fr\/wp-json\/wp\/v2\/comments?post=1108"}],"version-history":[{"count":1,"href":"https:\/\/www.e-shark.it\/fr\/wp-json\/wp\/v2\/pages\/1108\/revisions"}],"predecessor-version":[{"id":1109,"href":"https:\/\/www.e-shark.it\/fr\/wp-json\/wp\/v2\/pages\/1108\/revisions\/1109"}],"wp:attachment":[{"href":"https:\/\/www.e-shark.it\/fr\/wp-json\/wp\/v2\/media?parent=1108"}],"curies":[{"name":"wp","href":"https:\/\/api.w.org\/{rel}","templated":true}]}}