{"id":1120,"date":"2022-05-20T19:00:09","date_gmt":"2022-05-20T17:00:09","guid":{"rendered":"https:\/\/www.e-shark.it\/p-o-fesr-sicilia-2014-2020\/"},"modified":"2022-05-20T19:00:10","modified_gmt":"2022-05-20T17:00:10","slug":"p-o-fesr-sicilia-2014-2020","status":"publish","type":"page","link":"https:\/\/www.e-shark.it\/es\/p-o-fesr-sicilia-2014-2020\/","title":{"rendered":"P.O. FESR SICILIA 2014\/2020"},"content":{"rendered":"<style>\/*! elementor - v3.6.2 - 04-04-2022 *\/\n.elementor-widget-image{text-align:center}.elementor-widget-image a{display:inline-block}.elementor-widget-image a img[src$=\".svg\"]{width:48px}.elementor-widget-image img{vertical-align:middle;display:inline-block}<\/style>\n<p>\t\t\t\t\t\t\t\t\t\t\t\t<img decoding=\"async\" width=\"800\" height=\"164\" src=\"https:\/\/www.e-shark.it\/wp-content\/uploads\/2021\/10\/pofesr.png\" alt=\"\" loading=\"lazy\" \/>\t\t\t\t\t\t\t\t\t\t\t\t\t\t\t<\/p>\n<style>\/*! elementor - v3.6.2 - 04-04-2022 *\/\n.elementor-heading-title{padding:0;margin:0;line-height:1}.elementor-widget-heading .elementor-heading-title[class*=elementor-size-]>a{color:inherit;font-size:inherit;line-height:inherit}.elementor-widget-heading .elementor-heading-title.elementor-size-small{font-size:15px}.elementor-widget-heading .elementor-heading-title.elementor-size-medium{font-size:19px}.elementor-widget-heading .elementor-heading-title.elementor-size-large{font-size:29px}.elementor-widget-heading .elementor-heading-title.elementor-size-xl{font-size:39px}.elementor-widget-heading .elementor-heading-title.elementor-size-xxl{font-size:59px}<\/style>\n<h1>P.O. FESR SICILIA 2014\/2020 \u2013 REGIONE SICILIA<\/h1>\n<style>\/*! elementor - v3.6.2 - 04-04-2022 *\/\n.elementor-widget-divider{--divider-border-style:none;--divider-border-width:1px;--divider-color:#2c2c2c;--divider-icon-size:20px;--divider-element-spacing:10px;--divider-pattern-height:24px;--divider-pattern-size:20px;--divider-pattern-url:none;--divider-pattern-repeat:repeat-x}.elementor-widget-divider .elementor-divider{display:-webkit-box;display:-ms-flexbox;display:flex}.elementor-widget-divider .elementor-divider__text{font-size:15px;line-height:1;max-width:95%}.elementor-widget-divider .elementor-divider__element{margin:0 var(--divider-element-spacing);-ms-flex-negative:0;flex-shrink:0}.elementor-widget-divider .elementor-icon{font-size:var(--divider-icon-size)}.elementor-widget-divider .elementor-divider-separator{display:-webkit-box;display:-ms-flexbox;display:flex;margin:0;direction:ltr}.elementor-widget-divider--view-line_icon .elementor-divider-separator,.elementor-widget-divider--view-line_text .elementor-divider-separator{-webkit-box-align:center;-ms-flex-align:center;align-items:center}.elementor-widget-divider--view-line_icon .elementor-divider-separator:after,.elementor-widget-divider--view-line_icon .elementor-divider-separator:before,.elementor-widget-divider--view-line_text .elementor-divider-separator:after,.elementor-widget-divider--view-line_text .elementor-divider-separator:before{display:block;content:\"\";border-bottom:0;-webkit-box-flex:1;-ms-flex-positive:1;flex-grow:1;border-top:var(--divider-border-width) var(--divider-border-style) var(--divider-color)}.elementor-widget-divider--element-align-left .elementor-divider .elementor-divider-separator>.elementor-divider__svg:first-of-type{-webkit-box-flex:0;-ms-flex-positive:0;flex-grow:0;-ms-flex-negative:100;flex-shrink:100}.elementor-widget-divider--element-align-left .elementor-divider-separator:before{content:none}.elementor-widget-divider--element-align-left .elementor-divider__element{margin-left:0}.elementor-widget-divider--element-align-right .elementor-divider .elementor-divider-separator>.elementor-divider__svg:last-of-type{-webkit-box-flex:0;-ms-flex-positive:0;flex-grow:0;-ms-flex-negative:100;flex-shrink:100}.elementor-widget-divider--element-align-right .elementor-divider-separator:after{content:none}.elementor-widget-divider--element-align-right .elementor-divider__element{margin-right:0}.elementor-widget-divider:not(.elementor-widget-divider--view-line_text):not(.elementor-widget-divider--view-line_icon) .elementor-divider-separator{border-top:var(--divider-border-width) var(--divider-border-style) var(--divider-color)}.elementor-widget-divider--separator-type-pattern{--divider-border-style:none}.elementor-widget-divider--separator-type-pattern.elementor-widget-divider--view-line .elementor-divider-separator,.elementor-widget-divider--separator-type-pattern:not(.elementor-widget-divider--view-line) .elementor-divider-separator:after,.elementor-widget-divider--separator-type-pattern:not(.elementor-widget-divider--view-line) .elementor-divider-separator:before,.elementor-widget-divider--separator-type-pattern:not([class*=elementor-widget-divider--view]) .elementor-divider-separator{width:100%;min-height:var(--divider-pattern-height);-webkit-mask-size:var(--divider-pattern-size) 100%;mask-size:var(--divider-pattern-size) 100%;-webkit-mask-repeat:var(--divider-pattern-repeat);mask-repeat:var(--divider-pattern-repeat);background-color:var(--divider-color);-webkit-mask-image:var(--divider-pattern-url);mask-image:var(--divider-pattern-url)}.elementor-widget-divider--no-spacing{--divider-pattern-size:auto}.elementor-widget-divider--bg-round{--divider-pattern-repeat:round}.rtl .elementor-widget-divider .elementor-divider__text{direction:rtl}<\/style>\n<p>EJE 3; Objetivo espec\u00edfico 3.4; Acci\u00f3n 3.4.2 &#8211; Incentivos a la compra de servicios de apoyo a la internacionalizaci\u00f3n<\/p>\n<p style=\"text-align: center;\"><b>PROYECTO: Internacionalizaci\u00f3n<br \/>\nBENEFICIARIO: e-SHARK S.r.l.<br \/>CUP: 96J18000050004<\/b><\/p>\n<p style=\"text-align: left;\"><b>OBJETIVOS:\u00a0<\/b>A trav\u00e9s del programa de internacionalizaci\u00f3n pretendemos perseguir un objetivo estrat\u00e9gico general de crecimiento internacional en un segmento de software identificable y accesible en el sector del juego.<\/p>\n<p><b>PRINCIPALES ACCIONES:\u00a0<\/b>Participaci\u00f3n en las dos ferias m\u00e1s importantes del sector del juego en Las Vegas y Londres; implementaci\u00f3n de acciones de marketing en Europa; Acciones de comunicaci\u00f3n y promoci\u00f3n del mercado; Soporte de consultor\u00eda.<\/p>\n","protected":false},"excerpt":{"rendered":"<p>P.O. FESR SICILIA 2014\/2020 \u2013 REGIONE SICILIA EJE 3; Objetivo espec\u00edfico 3.4; Acci\u00f3n 3.4.2 &#8211; Incentivos a la compra de servicios de apoyo a la internacionalizaci\u00f3n PROYECTO: Internacionalizaci\u00f3n BENEFICIARIO: e-SHARK S.r.l.CUP: 96J18000050004 OBJETIVOS:\u00a0A trav\u00e9s del programa de internacionalizaci\u00f3n pretendemos perseguir un objetivo estrat\u00e9gico general de crecimiento internacional en un segmento de software identificable y accesible [&hellip;]<\/p>\n","protected":false},"author":3,"featured_media":0,"parent":0,"menu_order":0,"comment_status":"closed","ping_status":"closed","template":"","meta":[],"yoast_head":"<!-- This site is optimized with the Yoast SEO plugin v20.0 - https:\/\/yoast.com\/wordpress\/plugins\/seo\/ -->\n<title>P.O. FESR SICILIA 2014\/2020 - e-Shark<\/title>\n<meta name=\"robots\" content=\"index, follow, max-snippet:-1, max-image-preview:large, max-video-preview:-1\" \/>\n<link rel=\"canonical\" href=\"https:\/\/www.e-shark.it\/es\/p-o-fesr-sicilia-2014-2020\/\" \/>\n<meta property=\"og:locale\" content=\"es_ES\" \/>\n<meta property=\"og:type\" content=\"article\" \/>\n<meta property=\"og:title\" content=\"P.O. FESR SICILIA 2014\/2020 - e-Shark\" \/>\n<meta property=\"og:description\" content=\"P.O. FESR SICILIA 2014\/2020 \u2013 REGIONE SICILIA EJE 3; Objetivo espec\u00edfico 3.4; Acci\u00f3n 3.4.2 &#8211; Incentivos a la compra de servicios de apoyo a la internacionalizaci\u00f3n PROYECTO: Internacionalizaci\u00f3n BENEFICIARIO: e-SHARK S.r.l.CUP: 96J18000050004 OBJETIVOS:\u00a0A trav\u00e9s del programa de internacionalizaci\u00f3n pretendemos perseguir un objetivo estrat\u00e9gico general de crecimiento internacional en un segmento de software identificable y accesible [&hellip;]\" \/>\n<meta property=\"og:url\" content=\"https:\/\/www.e-shark.it\/es\/p-o-fesr-sicilia-2014-2020\/\" \/>\n<meta property=\"og:site_name\" content=\"e-Shark\" \/>\n<meta property=\"article:modified_time\" content=\"2022-05-20T17:00:10+00:00\" \/>\n<meta property=\"og:image\" content=\"https:\/\/www.e-shark.it\/wp-content\/uploads\/2021\/10\/pofesr.png\" \/>\n<meta name=\"twitter:card\" content=\"summary_large_image\" \/>\n<meta name=\"twitter:label1\" content=\"Tiempo de lectura\" \/>\n\t<meta name=\"twitter:data1\" content=\"1 minuto\" \/>\n<script type=\"application\/ld+json\" class=\"yoast-schema-graph\">{\"@context\":\"https:\/\/schema.org\",\"@graph\":[{\"@type\":\"WebPage\",\"@id\":\"https:\/\/www.e-shark.it\/es\/p-o-fesr-sicilia-2014-2020\/\",\"url\":\"https:\/\/www.e-shark.it\/es\/p-o-fesr-sicilia-2014-2020\/\",\"name\":\"P.O. FESR SICILIA 2014\/2020 - e-Shark\",\"isPartOf\":{\"@id\":\"https:\/\/www.e-shark.it\/#website\"},\"datePublished\":\"2022-05-20T17:00:09+00:00\",\"dateModified\":\"2022-05-20T17:00:10+00:00\",\"breadcrumb\":{\"@id\":\"https:\/\/www.e-shark.it\/es\/p-o-fesr-sicilia-2014-2020\/#breadcrumb\"},\"inLanguage\":\"es\",\"potentialAction\":[{\"@type\":\"ReadAction\",\"target\":[\"https:\/\/www.e-shark.it\/es\/p-o-fesr-sicilia-2014-2020\/\"]}]},{\"@type\":\"BreadcrumbList\",\"@id\":\"https:\/\/www.e-shark.it\/es\/p-o-fesr-sicilia-2014-2020\/#breadcrumb\",\"itemListElement\":[{\"@type\":\"ListItem\",\"position\":1,\"name\":\"Home\",\"item\":\"https:\/\/www.e-shark.it\/\"},{\"@type\":\"ListItem\",\"position\":2,\"name\":\"P.O. FESR SICILIA 2014\/2020\"}]},{\"@type\":\"WebSite\",\"@id\":\"https:\/\/www.e-shark.it\/#website\",\"url\":\"https:\/\/www.e-shark.it\/\",\"name\":\"e-Shark\",\"description\":\"Produzione Software\",\"publisher\":{\"@id\":\"https:\/\/www.e-shark.it\/#organization\"},\"potentialAction\":[{\"@type\":\"SearchAction\",\"target\":{\"@type\":\"EntryPoint\",\"urlTemplate\":\"https:\/\/www.e-shark.it\/?s={search_term_string}\"},\"query-input\":\"required name=search_term_string\"}],\"inLanguage\":\"es\"},{\"@type\":\"Organization\",\"@id\":\"https:\/\/www.e-shark.it\/#organization\",\"name\":\"e-Shark\",\"url\":\"https:\/\/www.e-shark.it\/\",\"logo\":{\"@type\":\"ImageObject\",\"inLanguage\":\"es\",\"@id\":\"https:\/\/www.e-shark.it\/#\/schema\/logo\/image\/\",\"url\":\"https:\/\/dev1.e-shark.it\/wp-content\/uploads\/2021\/10\/Group-5.svg\",\"contentUrl\":\"https:\/\/dev1.e-shark.it\/wp-content\/uploads\/2021\/10\/Group-5.svg\",\"width\":137,\"height\":47,\"caption\":\"e-Shark\"},\"image\":{\"@id\":\"https:\/\/www.e-shark.it\/#\/schema\/logo\/image\/\"}}]}<\/script>\n<!-- \/ Yoast SEO plugin. -->","yoast_head_json":{"title":"P.O. FESR SICILIA 2014\/2020 - e-Shark","robots":{"index":"index","follow":"follow","max-snippet":"max-snippet:-1","max-image-preview":"max-image-preview:large","max-video-preview":"max-video-preview:-1"},"canonical":"https:\/\/www.e-shark.it\/es\/p-o-fesr-sicilia-2014-2020\/","og_locale":"es_ES","og_type":"article","og_title":"P.O. FESR SICILIA 2014\/2020 - e-Shark","og_description":"P.O. FESR SICILIA 2014\/2020 \u2013 REGIONE SICILIA EJE 3; Objetivo espec\u00edfico 3.4; Acci\u00f3n 3.4.2 &#8211; Incentivos a la compra de servicios de apoyo a la internacionalizaci\u00f3n PROYECTO: Internacionalizaci\u00f3n BENEFICIARIO: e-SHARK S.r.l.CUP: 96J18000050004 OBJETIVOS:\u00a0A trav\u00e9s del programa de internacionalizaci\u00f3n pretendemos perseguir un objetivo estrat\u00e9gico general de crecimiento internacional en un segmento de software identificable y accesible [&hellip;]","og_url":"https:\/\/www.e-shark.it\/es\/p-o-fesr-sicilia-2014-2020\/","og_site_name":"e-Shark","article_modified_time":"2022-05-20T17:00:10+00:00","og_image":[{"url":"https:\/\/www.e-shark.it\/wp-content\/uploads\/2021\/10\/pofesr.png"}],"twitter_card":"summary_large_image","twitter_misc":{"Tiempo de lectura":"1 minuto"},"schema":{"@context":"https:\/\/schema.org","@graph":[{"@type":"WebPage","@id":"https:\/\/www.e-shark.it\/es\/p-o-fesr-sicilia-2014-2020\/","url":"https:\/\/www.e-shark.it\/es\/p-o-fesr-sicilia-2014-2020\/","name":"P.O. FESR SICILIA 2014\/2020 - e-Shark","isPartOf":{"@id":"https:\/\/www.e-shark.it\/#website"},"datePublished":"2022-05-20T17:00:09+00:00","dateModified":"2022-05-20T17:00:10+00:00","breadcrumb":{"@id":"https:\/\/www.e-shark.it\/es\/p-o-fesr-sicilia-2014-2020\/#breadcrumb"},"inLanguage":"es","potentialAction":[{"@type":"ReadAction","target":["https:\/\/www.e-shark.it\/es\/p-o-fesr-sicilia-2014-2020\/"]}]},{"@type":"BreadcrumbList","@id":"https:\/\/www.e-shark.it\/es\/p-o-fesr-sicilia-2014-2020\/#breadcrumb","itemListElement":[{"@type":"ListItem","position":1,"name":"Home","item":"https:\/\/www.e-shark.it\/"},{"@type":"ListItem","position":2,"name":"P.O. FESR SICILIA 2014\/2020"}]},{"@type":"WebSite","@id":"https:\/\/www.e-shark.it\/#website","url":"https:\/\/www.e-shark.it\/","name":"e-Shark","description":"Produzione Software","publisher":{"@id":"https:\/\/www.e-shark.it\/#organization"},"potentialAction":[{"@type":"SearchAction","target":{"@type":"EntryPoint","urlTemplate":"https:\/\/www.e-shark.it\/?s={search_term_string}"},"query-input":"required name=search_term_string"}],"inLanguage":"es"},{"@type":"Organization","@id":"https:\/\/www.e-shark.it\/#organization","name":"e-Shark","url":"https:\/\/www.e-shark.it\/","logo":{"@type":"ImageObject","inLanguage":"es","@id":"https:\/\/www.e-shark.it\/#\/schema\/logo\/image\/","url":"https:\/\/dev1.e-shark.it\/wp-content\/uploads\/2021\/10\/Group-5.svg","contentUrl":"https:\/\/dev1.e-shark.it\/wp-content\/uploads\/2021\/10\/Group-5.svg","width":137,"height":47,"caption":"e-Shark"},"image":{"@id":"https:\/\/www.e-shark.it\/#\/schema\/logo\/image\/"}}]}},"_links":{"self":[{"href":"https:\/\/www.e-shark.it\/es\/wp-json\/wp\/v2\/pages\/1120"}],"collection":[{"href":"https:\/\/www.e-shark.it\/es\/wp-json\/wp\/v2\/pages"}],"about":[{"href":"https:\/\/www.e-shark.it\/es\/wp-json\/wp\/v2\/types\/page"}],"author":[{"embeddable":true,"href":"https:\/\/www.e-shark.it\/es\/wp-json\/wp\/v2\/users\/3"}],"replies":[{"embeddable":true,"href":"https:\/\/www.e-shark.it\/es\/wp-json\/wp\/v2\/comments?post=1120"}],"version-history":[{"count":1,"href":"https:\/\/www.e-shark.it\/es\/wp-json\/wp\/v2\/pages\/1120\/revisions"}],"predecessor-version":[{"id":1121,"href":"https:\/\/www.e-shark.it\/es\/wp-json\/wp\/v2\/pages\/1120\/revisions\/1121"}],"wp:attachment":[{"href":"https:\/\/www.e-shark.it\/es\/wp-json\/wp\/v2\/media?parent=1120"}],"curies":[{"name":"wp","href":"https:\/\/api.w.org\/{rel}","templated":true}]}}