{"id":1116,"date":"2022-05-20T17:39:58","date_gmt":"2022-05-20T15:39:58","guid":{"rendered":"https:\/\/www.e-shark.it\/advertencias-legales\/"},"modified":"2022-05-20T17:39:59","modified_gmt":"2022-05-20T15:39:59","slug":"advertencias-legales","status":"publish","type":"page","link":"https:\/\/www.e-shark.it\/es\/advertencias-legales\/","title":{"rendered":"Advertencias legales"},"content":{"rendered":"\t\t<div data-elementor-type=\"wp-page\" data-elementor-id=\"1116\" class=\"elementor elementor-1116 elementor-608\">\n\t\t\t\t\t\t\t\t\t<section class=\"elementor-section elementor-top-section elementor-element elementor-element-7025533 elementor-section-boxed elementor-section-height-default elementor-section-height-default\" data-id=\"7025533\" data-element_type=\"section\">\n\t\t\t\t\t\t<div class=\"elementor-container elementor-column-gap-default\">\n\t\t\t\t\t<div class=\"elementor-column elementor-col-100 elementor-top-column elementor-element elementor-element-71a792c\" data-id=\"71a792c\" data-element_type=\"column\">\n\t\t\t<div class=\"elementor-widget-wrap elementor-element-populated\">\n\t\t\t\t\t\t\t\t<div class=\"elementor-element elementor-element-df9a815 elementor-widget elementor-widget-text-editor\" data-id=\"df9a815\" data-element_type=\"widget\" data-widget_type=\"text-editor.default\">\n\t\t\t\t<div class=\"elementor-widget-container\">\n\t\t\t<style>\/*! elementor - v3.8.0 - 30-10-2022 *\/\n.elementor-widget-text-editor.elementor-drop-cap-view-stacked .elementor-drop-cap{background-color:#818a91;color:#fff}.elementor-widget-text-editor.elementor-drop-cap-view-framed .elementor-drop-cap{color:#818a91;border:3px solid;background-color:transparent}.elementor-widget-text-editor:not(.elementor-drop-cap-view-default) .elementor-drop-cap{margin-top:8px}.elementor-widget-text-editor:not(.elementor-drop-cap-view-default) .elementor-drop-cap-letter{width:1em;height:1em}.elementor-widget-text-editor .elementor-drop-cap{float:left;text-align:center;line-height:1;font-size:50px}.elementor-widget-text-editor .elementor-drop-cap-letter{display:inline-block}<\/style>\t\t\t\t<p><b>DECLARACI\u00d3N RELATIVA AL SOFTWARE DISPONIBLE EN ESTA P\u00c1GINA WEB<\/b><\/p>\n\t\t\t\t\t\t<\/div>\n\t\t\t\t<\/div>\n\t\t\t\t<div class=\"elementor-element elementor-element-c6de7a5 elementor-widget elementor-widget-text-editor\" data-id=\"c6de7a5\" data-element_type=\"widget\" data-widget_type=\"text-editor.default\">\n\t\t\t\t<div class=\"elementor-widget-container\">\n\t\t\t\t\t\t\t<p>Todo el software disponible para su descarga desde este servidor (el \u00abSoftware\u00bb) es una obra protegida por los derechos de autor de e-Shark o de sus proveedores. El uso del Software se rige por las condiciones del Contrato de licencia con el usuario final, si lo hubiera, adjunto al software (el \u00abContrato de licencia\u00bb). El usuario final no est\u00e1 autorizado a instalar el Software que vaya acompa\u00f1ado de un Contrato de licencia o que lo incluya si previamente no acepta las condiciones del Contrato de licencia.<\/p>\n\t\t\t\t\t\t<\/div>\n\t\t\t\t<\/div>\n\t\t\t\t<div class=\"elementor-element elementor-element-85ea24f elementor-widget elementor-widget-text-editor\" data-id=\"85ea24f\" data-element_type=\"widget\" data-widget_type=\"text-editor.default\">\n\t\t\t\t<div class=\"elementor-widget-container\">\n\t\t\t\t\t\t\t<p>De conformidad con los t\u00e9rminos y condiciones del Contrato de licencia, el Software est\u00e1 disponible para su descarga exclusivamente para su uso por parte del usuario final. Cualquier reproducci\u00f3n o redistribuci\u00f3n del Software que no cumpla con el Contrato de licencia est\u00e1 expresamente prohibida por la ley vigente y puede comportar sanciones civiles y penales graves. Se perseguir\u00e1 a los infractores con la m\u00e1xima medida permitida por la ley vigente.<\/p>\n\t\t\t\t\t\t<\/div>\n\t\t\t\t<\/div>\n\t\t\t\t<div class=\"elementor-element elementor-element-c9efcbb elementor-widget elementor-widget-text-editor\" data-id=\"c9efcbb\" data-element_type=\"widget\" data-widget_type=\"text-editor.default\">\n\t\t\t\t<div class=\"elementor-widget-container\">\n\t\t\t\t\t\t\t<p>SIN PERJUICIO DE LA DISPOSICI\u00d3N ANTERIOR, EST\u00c1 EXPRESAMENTE PROHIBIDA LA COPIA O REPRODUCCI\u00d3N DEL SOFTWARE EN CUALQUIER OTRO SERVIDOR O UBICACI\u00d3N PARA SU POSTERIOR REPRODUCCI\u00d3N O REDISTRIBUCI\u00d3N.<\/p>\n\t\t\t\t\t\t<\/div>\n\t\t\t\t<\/div>\n\t\t\t\t<div class=\"elementor-element elementor-element-a18de72 elementor-widget elementor-widget-text-editor\" data-id=\"a18de72\" data-element_type=\"widget\" data-widget_type=\"text-editor.default\">\n\t\t\t\t<div class=\"elementor-widget-container\">\n\t\t\t\t\t\t\t<p>EL SOFTWARE EST\u00c1 CUBIERTO POR GARANT\u00cdA \u00daNICAMENTE DE ACUERDO CON LOS T\u00c9RMINOS Y CONDICIONES DEL CONTRATO DE LICENCIA. CON EXCEPCI\u00d3N DE LAS GARANT\u00cdAS INDICADAS EN EL CONTRATO DE LICENCIA. MEDIANTE LA PRESENTE, E-SHARK S.R.L. NO RECONOCE NINGUNA GARANT\u00cdA NI CONDICI\u00d3N CON RESPECTO AL SOFTWARE, INCLUIDAS TODAS LAS GARANT\u00cdAS Y CONDICIONES IMPL\u00cdCITAS DE COMERCIALIZACI\u00d3N, IDONEIDAD PARA UN FIN PARTICULAR, PROPIEDAD Y NO INFRACCI\u00d3N DE DERECHOS DE TERCEROS.<\/p>\n\t\t\t\t\t\t<\/div>\n\t\t\t\t<\/div>\n\t\t\t\t<div class=\"elementor-element elementor-element-e51f12c elementor-widget elementor-widget-text-editor\" data-id=\"e51f12c\" data-element_type=\"widget\" data-widget_type=\"text-editor.default\">\n\t\t\t\t<div class=\"elementor-widget-container\">\n\t\t\t\t\t\t\t<p><b>DECLARACI\u00d3N RELATIVA A LA DOCUMENTACI\u00d3N DISPONIBLE EN ESTA P\u00c1GINA WEB<\/b><\/p>\n\t\t\t\t\t\t<\/div>\n\t\t\t\t<\/div>\n\t\t\t\t<div class=\"elementor-element elementor-element-fc4f704 elementor-widget elementor-widget-text-editor\" data-id=\"fc4f704\" data-element_type=\"widget\" data-widget_type=\"text-editor.default\">\n\t\t\t\t<div class=\"elementor-widget-container\">\n\t\t\t\t\t\t\t<p>El usuario est\u00e1 autorizado a utilizar la Documentaci\u00f3n (documentaci\u00f3n t\u00e9cnica, especificaciones t\u00e9cnicas, notas de prensa y preguntas frecuentes) disponible en este servidor (el \u00abServidor\u00bb), siempre que (1) la informaci\u00f3n sobre derechos de autor mencionada m\u00e1s adelante figure en todas las copias y que est\u00e9 acompa\u00f1ada de esta autorizaci\u00f3n, (2) el uso de dicha Documentaci\u00f3n est\u00e9 destinado \u00fanicamente a fines informativos y no comerciales o para uso personal y que la Documentaci\u00f3n antes mencionada no se copie ni se distribuya en ninguna computadora de red ni se transmita a trav\u00e9s de ning\u00fan canal de comunicaci\u00f3n y, por \u00faltimo, (3) no se realicen modificaciones en ninguna parte de la Documentaci\u00f3n. El uso para cualquier otro fin est\u00e1 expresamente prohibido por la ley vigente y puede comportar sanciones civiles y penales graves. Se perseguir\u00e1 a los infractores con la m\u00e1xima medida permitida por la ley vigente.<\/p>\n\t\t\t\t\t\t<\/div>\n\t\t\t\t<\/div>\n\t\t\t\t<div class=\"elementor-element elementor-element-881a127 elementor-widget elementor-widget-text-editor\" data-id=\"881a127\" data-element_type=\"widget\" data-widget_type=\"text-editor.default\">\n\t\t\t\t<div class=\"elementor-widget-container\">\n\t\t\t\t\t\t\t<p>La Documentaci\u00f3n anterior no incluye la estructura ni el dise\u00f1o de la p\u00e1gina web de e-Shark ni cualquier otro sitio desarrollado, con licencia, supervisado o propiedad de e-Shark. Los elementos que constituyen las p\u00e1ginas web de e-Shark est\u00e1n protegidos por acuerdos comerciales, leyes sobre marcas registradas y competencia desleal y otras leyes y no pueden copiarse ni imitarse total o parcialmente. No puede copiarse ni reenviarse ning\u00fan logotipo, elemento gr\u00e1fico, sonido o imagen tomada de una p\u00e1gina web de e-Shark sin la autorizaci\u00f3n expresa de e-Shark.<\/p>\n\t\t\t\t\t\t<\/div>\n\t\t\t\t<\/div>\n\t\t\t\t<div class=\"elementor-element elementor-element-93d7cee elementor-widget elementor-widget-text-editor\" data-id=\"93d7cee\" data-element_type=\"widget\" data-widget_type=\"text-editor.default\">\n\t\t\t\t<div class=\"elementor-widget-container\">\n\t\t\t\t\t\t\t<p>E-SHARK O SUS PROVEEDORES NO EMITEN NINGUNA DECLARACI\u00d3N SOBRE LA IDONEIDAD DE LA INFORMACI\u00d3N QUE CONTIENE LA DOCUMENTACI\u00d3N Y LOS GR\u00c1FICOS CORRESPONDIENTES PUBLICADOS EN ESTE SERVIDOR PARA CUALQUIER FIN. LA DOCUMENTACI\u00d3N Y LOS GR\u00c1FICOS CORRESPONDIENTES SE PROPORCIONAN \u00abTAL COMO SON\u00bb SIN GARANT\u00cdAS DE NING\u00daN TIPO. MEDIANTE LA PRESENTE, E-SHARK S.R.L. O SUS PROVEEDORES NO RECONOCEN NINGUNA GARANT\u00cdA NI CONDICI\u00d3N CON RESPECTO A ESTA INFORMACI\u00d3N, INCLUIDAS TODAS LAS GARANT\u00cdAS Y CONDICIONES IMPL\u00cdCITAS DE COMERCIALIZACI\u00d3N, IDONEIDAD PARA UN FIN PARTICULAR, PROPIEDAD Y NO INFRACCI\u00d3N DE DERECHOS DE TERCEROS. EN NING\u00daN CASO E-SHARK O SUS PROVEEDORES SER\u00c1N RESPONSABLES DE DA\u00d1OS ESPECIALES, INDIRECTOS O QUE SEAN CONSECUENCIA DE ELLOS O DE OTROS DA\u00d1OS DE CUALQUIER TIPO DERIVADOS DE LA P\u00c9RDIDA DEL DERECHO DE USO, P\u00c9RDIDA DE INFORMACI\u00d3N O LUCRO CESANTE, YA SEA COMO RESULTADO DEL INCUMPLIMIENTO DEL CONTRATO, POR NEGLIGENCIA U OTROS ACTOS PERJUDICIALES, ORIGINADOS POR O DE CUALQUIER FORMA RELACIONADOS CON EL USO O LA EFICACIA DE LA INFORMACI\u00d3N DISPONIBLE EN ESTE SERVIDOR.<\/p>\n\t\t\t\t\t\t<\/div>\n\t\t\t\t<\/div>\n\t\t\t\t<div class=\"elementor-element elementor-element-66de96d elementor-widget elementor-widget-text-editor\" data-id=\"66de96d\" data-element_type=\"widget\" data-widget_type=\"text-editor.default\">\n\t\t\t\t<div class=\"elementor-widget-container\">\n\t\t\t\t\t\t\t<p>LA DOCUMENTACI\u00d3N Y LOS GR\u00c1FICOS CORRESPONDIENTES PUBLICADOS EN ESTE SERVIDOR PUEDEN INCLUIR INEXACTITUDES T\u00c9CNICAS O ERRORES TIPOGR\u00c1FICOS. DICHA INFORMACI\u00d3N EST\u00c1 SUJETA A CAMBIOS PERI\u00d3DICOS. E-SHARK O SUS PROVEEDORES PUEDEN EFECTUAR EN CUALQUIER MOMENTO MEJORAS O MODIFICACIONES EN LOS PRODUCTOS O LOS PROGRAMAS DESCRITOS EN ESTE CONTRATO.<\/p>\n\t\t\t\t\t\t<\/div>\n\t\t\t\t<\/div>\n\t\t\t\t<div class=\"elementor-element elementor-element-ff4e9d9 elementor-widget elementor-widget-text-editor\" data-id=\"ff4e9d9\" data-element_type=\"widget\" data-widget_type=\"text-editor.default\">\n\t\t\t\t<div class=\"elementor-widget-container\">\n\t\t\t\t\t\t\t<p><b>DECLARACI\u00d3N RELATIVA AL SOFTWARE, A LA DOCUMENTACI\u00d3N Y A LOS SERVICIOS DISPONIBLES EN ESTA P\u00c1GINA WEB.<\/b><\/p>\n\t\t\t\t\t\t<\/div>\n\t\t\t\t<\/div>\n\t\t\t\t<div class=\"elementor-element elementor-element-ee3aca2 elementor-widget elementor-widget-text-editor\" data-id=\"ee3aca2\" data-element_type=\"widget\" data-widget_type=\"text-editor.default\">\n\t\t\t\t<div class=\"elementor-widget-container\">\n\t\t\t\t\t\t\t<p>EN NING\u00daN CASO E-SHARK O SUS PROVEEDORES SER\u00c1N RESPONSABLES DE DA\u00d1OS ESPECIALES, INDIRECTOS O QUE SEAN CONSECUENCIA DE ELLOS O DE OTROS DA\u00d1OS DE CUALQUIER TIPO DERIVADOS DE LA P\u00c9RDIDA DEL DERECHO DE USO, P\u00c9RDIDA DE INFORMACI\u00d3N O LUCRO CESANTE, YA SEA COMO RESULTADO DEL INCUMPLIMIENTO DEL CONTRATO, POR NEGLIGENCIA U OTROS ACTOS PERJUDICIALES, ORIGINADOS POR O DE CUALQUIER FORMA RELACIONADOS CON EL USO O EL RENDIMIENTO DEL SOFTWARE Y LA EFICACIA DE LA INFORMACI\u00d3N O CON LA INCORRECCI\u00d3N O AUSENCIA DE PRESTACI\u00d3N DEL SERVICIO O DE LA INFORMACI\u00d3N DISPONIBLE EN ESTE SERVIDOR.<\/p>\n\t\t\t\t\t\t<\/div>\n\t\t\t\t<\/div>\n\t\t\t\t<div class=\"elementor-element elementor-element-62a73ec elementor-widget elementor-widget-text-editor\" data-id=\"62a73ec\" data-element_type=\"widget\" data-widget_type=\"text-editor.default\">\n\t\t\t\t<div class=\"elementor-widget-container\">\n\t\t\t\t\t\t\t<p><b>ENLACES A P\u00c1GINAS WEB DE OTRAS EMPRESAS<\/b><\/p>\n\t\t\t\t\t\t<\/div>\n\t\t\t\t<\/div>\n\t\t\t\t<div class=\"elementor-element elementor-element-8782967 elementor-widget elementor-widget-text-editor\" data-id=\"8782967\" data-element_type=\"widget\" data-widget_type=\"text-editor.default\">\n\t\t\t\t<div class=\"elementor-widget-container\">\n\t\t\t\t\t\t\t<p>LOS ENLACES INDICADOS EN ESTA SECCI\u00d3N PERMITEN SALIR DE LA P\u00c1GINA WEB DE E-SHARK. LAS P\u00c1GINAS A LAS QUE REENV\u00cdAN ESTOS ENLACES NO EST\u00c1N CONTROLADAS POR E-SHARK Y ESTA NO SE RESPONSABILIZA DE SU CONTENIDO NI DE CUALQUIER OTRO ENLACE QUE CONTENGAN O DE POSIBLES MODIFICACIONES O ACTUALIZACIONES DE DICHAS P\u00c1GINAS. E-SHARK NO SE RESPONSABILIZA DE NINGUNA PUBLICACI\u00d3N EN LA WEB O DE CUALQUIER OTRA FORMA DE TRANSMISI\u00d3N RECIBIDA DE OTRAS P\u00c1GINAS ENLAZADAS. E-SHARK PROPORCIONA ESTOS ENLACES POR MOTIVOS DE PRACTICIDAD Y LA INDICACI\u00d3N DE DICHOS ENLACES NO IMPLICA LA APROBACI\u00d3N DE LAS P\u00c1GINAS WEB POR PARTE DE E-SHARK.<\/p>\n\t\t\t\t\t\t<\/div>\n\t\t\t\t<\/div>\n\t\t\t\t<div class=\"elementor-element elementor-element-6b20b10 elementor-widget elementor-widget-text-editor\" data-id=\"6b20b10\" data-element_type=\"widget\" data-widget_type=\"text-editor.default\">\n\t\t\t\t<div class=\"elementor-widget-container\">\n\t\t\t\t\t\t\t<p>AVISO DE COPYRIGHT. Copyright \u00a9 2002-2022 e-Shark S.r.l. Todos los derechos reservados.<\/p>\n\t\t\t\t\t\t<\/div>\n\t\t\t\t<\/div>\n\t\t\t\t<div class=\"elementor-element elementor-element-ea9ea42 elementor-widget elementor-widget-text-editor\" data-id=\"ea9ea42\" data-element_type=\"widget\" data-widget_type=\"text-editor.default\">\n\t\t\t\t<div class=\"elementor-widget-container\">\n\t\t\t\t\t\t\t<p>MARCAS. e-Shark, Faith u otros nombres de productos de e-Shark mencionados en este documento son marcas registradas de e-Shark. Otros nombres de productos y de empresas mencionados en este documento o p\u00e1gina web pueden ser marcas de sus respectivos propietarios. Cualquier referencia a empresas, organizaciones, productos, personas y eventos utilizados en los ejemplos es pura coincidencia.<\/p>\n\t\t\t\t\t\t<\/div>\n\t\t\t\t<\/div>\n\t\t\t\t<div class=\"elementor-element elementor-element-2b6f9bf elementor-widget elementor-widget-text-editor\" data-id=\"2b6f9bf\" data-element_type=\"widget\" data-widget_type=\"text-editor.default\">\n\t\t\t\t<div class=\"elementor-widget-container\">\n\t\t\t\t\t\t\t<p>e-Shark se reserva todos los derechos que no queden expresamente otorgados en este Contrato.<\/p>\n\t\t\t\t\t\t<\/div>\n\t\t\t\t<\/div>\n\t\t\t\t<div class=\"elementor-element elementor-element-49ff160 elementor-widget elementor-widget-text-editor\" data-id=\"49ff160\" data-element_type=\"widget\" data-widget_type=\"text-editor.default\">\n\t\t\t\t<div class=\"elementor-widget-container\">\n\t\t\t\t\t\t\t<p>Para cualquier consulta o aclaraci\u00f3n, enviar un mensaje de correo electr\u00f3nico a <a href=\"mailto:info@e-shark.it\">info@e-shark.it<\/a>.<\/p>\n\t\t\t\t\t\t<\/div>\n\t\t\t\t<\/div>\n\t\t\t\t\t<\/div>\n\t\t<\/div>\n\t\t\t\t\t\t\t<\/div>\n\t\t<\/section>\n\t\t\t\t\t\t\t<\/div>\n\t\t","protected":false},"excerpt":{"rendered":"<p>DECLARACI\u00d3N RELATIVA AL SOFTWARE DISPONIBLE EN ESTA P\u00c1GINA WEB Todo el software disponible para su descarga desde este servidor (el \u00abSoftware\u00bb) es una obra protegida por los derechos de autor de e-Shark o de sus proveedores. El uso del Software se rige por las condiciones del Contrato de licencia con el usuario final, si lo [&hellip;]<\/p>\n","protected":false},"author":3,"featured_media":0,"parent":0,"menu_order":0,"comment_status":"closed","ping_status":"closed","template":"","meta":[],"yoast_head":"<!-- This site is optimized with the Yoast SEO plugin v20.0 - https:\/\/yoast.com\/wordpress\/plugins\/seo\/ -->\n<title>Advertencias legales - e-Shark<\/title>\n<meta name=\"robots\" content=\"index, follow, max-snippet:-1, max-image-preview:large, max-video-preview:-1\" \/>\n<link rel=\"canonical\" href=\"https:\/\/www.e-shark.it\/es\/advertencias-legales\/\" \/>\n<meta property=\"og:locale\" content=\"es_ES\" \/>\n<meta property=\"og:type\" content=\"article\" \/>\n<meta property=\"og:title\" content=\"Advertencias legales - e-Shark\" \/>\n<meta property=\"og:description\" content=\"DECLARACI\u00d3N RELATIVA AL SOFTWARE DISPONIBLE EN ESTA P\u00c1GINA WEB Todo el software disponible para su descarga desde este servidor (el \u00abSoftware\u00bb) es una obra protegida por los derechos de autor de e-Shark o de sus proveedores. El uso del Software se rige por las condiciones del Contrato de licencia con el usuario final, si lo [&hellip;]\" \/>\n<meta property=\"og:url\" content=\"https:\/\/www.e-shark.it\/es\/advertencias-legales\/\" \/>\n<meta property=\"og:site_name\" content=\"e-Shark\" \/>\n<meta property=\"article:modified_time\" content=\"2022-05-20T15:39:59+00:00\" \/>\n<meta name=\"twitter:card\" content=\"summary_large_image\" \/>\n<meta name=\"twitter:label1\" content=\"Tiempo de lectura\" \/>\n\t<meta name=\"twitter:data1\" content=\"6 minutos\" \/>\n<script type=\"application\/ld+json\" class=\"yoast-schema-graph\">{\"@context\":\"https:\/\/schema.org\",\"@graph\":[{\"@type\":\"WebPage\",\"@id\":\"https:\/\/www.e-shark.it\/es\/advertencias-legales\/\",\"url\":\"https:\/\/www.e-shark.it\/es\/advertencias-legales\/\",\"name\":\"Advertencias legales - e-Shark\",\"isPartOf\":{\"@id\":\"https:\/\/www.e-shark.it\/#website\"},\"datePublished\":\"2022-05-20T15:39:58+00:00\",\"dateModified\":\"2022-05-20T15:39:59+00:00\",\"breadcrumb\":{\"@id\":\"https:\/\/www.e-shark.it\/es\/advertencias-legales\/#breadcrumb\"},\"inLanguage\":\"es\",\"potentialAction\":[{\"@type\":\"ReadAction\",\"target\":[\"https:\/\/www.e-shark.it\/es\/advertencias-legales\/\"]}]},{\"@type\":\"BreadcrumbList\",\"@id\":\"https:\/\/www.e-shark.it\/es\/advertencias-legales\/#breadcrumb\",\"itemListElement\":[{\"@type\":\"ListItem\",\"position\":1,\"name\":\"Home\",\"item\":\"https:\/\/www.e-shark.it\/\"},{\"@type\":\"ListItem\",\"position\":2,\"name\":\"Advertencias legales\"}]},{\"@type\":\"WebSite\",\"@id\":\"https:\/\/www.e-shark.it\/#website\",\"url\":\"https:\/\/www.e-shark.it\/\",\"name\":\"e-Shark\",\"description\":\"Produzione Software\",\"publisher\":{\"@id\":\"https:\/\/www.e-shark.it\/#organization\"},\"potentialAction\":[{\"@type\":\"SearchAction\",\"target\":{\"@type\":\"EntryPoint\",\"urlTemplate\":\"https:\/\/www.e-shark.it\/?s={search_term_string}\"},\"query-input\":\"required name=search_term_string\"}],\"inLanguage\":\"es\"},{\"@type\":\"Organization\",\"@id\":\"https:\/\/www.e-shark.it\/#organization\",\"name\":\"e-Shark\",\"url\":\"https:\/\/www.e-shark.it\/\",\"logo\":{\"@type\":\"ImageObject\",\"inLanguage\":\"es\",\"@id\":\"https:\/\/www.e-shark.it\/#\/schema\/logo\/image\/\",\"url\":\"https:\/\/dev1.e-shark.it\/wp-content\/uploads\/2021\/10\/Group-5.svg\",\"contentUrl\":\"https:\/\/dev1.e-shark.it\/wp-content\/uploads\/2021\/10\/Group-5.svg\",\"width\":137,\"height\":47,\"caption\":\"e-Shark\"},\"image\":{\"@id\":\"https:\/\/www.e-shark.it\/#\/schema\/logo\/image\/\"}}]}<\/script>\n<!-- \/ Yoast SEO plugin. -->","yoast_head_json":{"title":"Advertencias legales - e-Shark","robots":{"index":"index","follow":"follow","max-snippet":"max-snippet:-1","max-image-preview":"max-image-preview:large","max-video-preview":"max-video-preview:-1"},"canonical":"https:\/\/www.e-shark.it\/es\/advertencias-legales\/","og_locale":"es_ES","og_type":"article","og_title":"Advertencias legales - e-Shark","og_description":"DECLARACI\u00d3N RELATIVA AL SOFTWARE DISPONIBLE EN ESTA P\u00c1GINA WEB Todo el software disponible para su descarga desde este servidor (el \u00abSoftware\u00bb) es una obra protegida por los derechos de autor de e-Shark o de sus proveedores. El uso del Software se rige por las condiciones del Contrato de licencia con el usuario final, si lo [&hellip;]","og_url":"https:\/\/www.e-shark.it\/es\/advertencias-legales\/","og_site_name":"e-Shark","article_modified_time":"2022-05-20T15:39:59+00:00","twitter_card":"summary_large_image","twitter_misc":{"Tiempo de lectura":"6 minutos"},"schema":{"@context":"https:\/\/schema.org","@graph":[{"@type":"WebPage","@id":"https:\/\/www.e-shark.it\/es\/advertencias-legales\/","url":"https:\/\/www.e-shark.it\/es\/advertencias-legales\/","name":"Advertencias legales - e-Shark","isPartOf":{"@id":"https:\/\/www.e-shark.it\/#website"},"datePublished":"2022-05-20T15:39:58+00:00","dateModified":"2022-05-20T15:39:59+00:00","breadcrumb":{"@id":"https:\/\/www.e-shark.it\/es\/advertencias-legales\/#breadcrumb"},"inLanguage":"es","potentialAction":[{"@type":"ReadAction","target":["https:\/\/www.e-shark.it\/es\/advertencias-legales\/"]}]},{"@type":"BreadcrumbList","@id":"https:\/\/www.e-shark.it\/es\/advertencias-legales\/#breadcrumb","itemListElement":[{"@type":"ListItem","position":1,"name":"Home","item":"https:\/\/www.e-shark.it\/"},{"@type":"ListItem","position":2,"name":"Advertencias legales"}]},{"@type":"WebSite","@id":"https:\/\/www.e-shark.it\/#website","url":"https:\/\/www.e-shark.it\/","name":"e-Shark","description":"Produzione Software","publisher":{"@id":"https:\/\/www.e-shark.it\/#organization"},"potentialAction":[{"@type":"SearchAction","target":{"@type":"EntryPoint","urlTemplate":"https:\/\/www.e-shark.it\/?s={search_term_string}"},"query-input":"required name=search_term_string"}],"inLanguage":"es"},{"@type":"Organization","@id":"https:\/\/www.e-shark.it\/#organization","name":"e-Shark","url":"https:\/\/www.e-shark.it\/","logo":{"@type":"ImageObject","inLanguage":"es","@id":"https:\/\/www.e-shark.it\/#\/schema\/logo\/image\/","url":"https:\/\/dev1.e-shark.it\/wp-content\/uploads\/2021\/10\/Group-5.svg","contentUrl":"https:\/\/dev1.e-shark.it\/wp-content\/uploads\/2021\/10\/Group-5.svg","width":137,"height":47,"caption":"e-Shark"},"image":{"@id":"https:\/\/www.e-shark.it\/#\/schema\/logo\/image\/"}}]}},"_links":{"self":[{"href":"https:\/\/www.e-shark.it\/es\/wp-json\/wp\/v2\/pages\/1116"}],"collection":[{"href":"https:\/\/www.e-shark.it\/es\/wp-json\/wp\/v2\/pages"}],"about":[{"href":"https:\/\/www.e-shark.it\/es\/wp-json\/wp\/v2\/types\/page"}],"author":[{"embeddable":true,"href":"https:\/\/www.e-shark.it\/es\/wp-json\/wp\/v2\/users\/3"}],"replies":[{"embeddable":true,"href":"https:\/\/www.e-shark.it\/es\/wp-json\/wp\/v2\/comments?post=1116"}],"version-history":[{"count":1,"href":"https:\/\/www.e-shark.it\/es\/wp-json\/wp\/v2\/pages\/1116\/revisions"}],"predecessor-version":[{"id":1117,"href":"https:\/\/www.e-shark.it\/es\/wp-json\/wp\/v2\/pages\/1116\/revisions\/1117"}],"wp:attachment":[{"href":"https:\/\/www.e-shark.it\/es\/wp-json\/wp\/v2\/media?parent=1116"}],"curies":[{"name":"wp","href":"https:\/\/api.w.org\/{rel}","templated":true}]}}